{"id":99991046,"date":"2015-09-23T08:50:11","date_gmt":"2015-09-23T08:50:11","guid":{"rendered":"https:\/\/pixelgrade.com\/demos\/listable-demo-data\/?page_id=10"},"modified":"2019-01-23T11:59:50","modified_gmt":"2019-01-23T14:59:50","slug":"adicione","status":"publish","type":"page","link":"https:\/\/budmaps.com.br\/es\/adicione\/","title":{"rendered":"Agregar"},"content":{"rendered":"<p>\n<form action=\"\/es\/wp-json\/wp\/v2\/pages\/99991046\" method=\"post\" id=\"submit-job-form\" class=\"job-manager-form\" enctype=\"multipart\/form-data\">\n\n\t\n\t\n\t\n\t\t\t<fieldset>\n\t\t<label>\u00bfTienes una cuenta?<\/label>\n\t\t<div class=\"field account-sign-in lwa\">\n\t\t\t<a class=\"button lwa-links-modal lwa-login-link\" href=\"https:\/\/budmaps.com.br\/wp-login.php?redirect_to=https%3A%2F%2Fbudmaps.com.br%2Fes%2Fadicione%2F&modal_login=true#login\">Acceder<\/a>\n\n\t\t\t\n\t\t\t\tTienes que estar conectado para crear una nueva oferta.\n\t\t\t\n\t\t<\/div>\n\t<\/fieldset>\n\t\n\n\t\n\t\n\t\t\n\t<\/form><\/p>\n<p><strong>Gracias por agregar su sugerencia.<\/strong><br \/>\nCreamos la forma m\u00e1s moderna y conveniente para que usted encuentre un mundo 4:20 pero es usted que est\u00e1 ayudando a esa aplicaci\u00f3n a funcionar.<\/p>\n<p>\u00bfTiene alguna sugerencia, dio alg\u00fan problema en su navegaci\u00f3n o quiere dar un al\u00f3? Entonces hable con nosotros.<\/p>\n<div id=\"entry-content-anchor\" class=\"entry-content\"><\/div>\n<p>&nbsp;<\/p>","protected":false},"excerpt":{"rendered":"<p>Agreg\u00e1 su sugerencia y consegu\u00ed m\u00e1s exposici\u00f3n en el mundo 420<\/p>\n","protected":false},"author":1,"featured_media":0,"parent":0,"menu_order":0,"comment_status":"closed","ping_status":"closed","template":"","meta":[],"yoast_head":"<!-- This site is optimized with the Yoast SEO Premium plugin v18.3 (Yoast SEO v20.8) - https:\/\/yoast.com\/wordpress\/plugins\/seo\/ -->\n<title>Adicione seu local no BudMaps<\/title>\n<meta name=\"description\" content=\"Fa\u00e7a parte do primeiro mapa sobre maconha do Brasil e deixe a divulga\u00e7\u00e3o por nossa conta. Associa\u00e7\u00f5es, M\u00e9dicos, Growshops, Headshops, Laricaria e mais\" \/>\n<meta name=\"robots\" content=\"index, follow, max-snippet:-1, max-image-preview:large, max-video-preview:-1\" \/>\n<link rel=\"canonical\" href=\"https:\/\/budmaps.com.br\/es\/adicione\/\" \/>\n<meta property=\"og:locale\" content=\"es_ES\" \/>\n<meta property=\"og:type\" content=\"article\" \/>\n<meta property=\"og:title\" content=\"Agregar\" \/>\n<meta property=\"og:description\" content=\"Fa\u00e7a parte do primeiro mapa sobre maconha do Brasil e deixe a divulga\u00e7\u00e3o por nossa conta. Associa\u00e7\u00f5es, M\u00e9dicos, Growshops, Headshops, Laricaria e mais\" \/>\n<meta property=\"og:url\" content=\"https:\/\/budmaps.com.br\/es\/adicione\/\" \/>\n<meta property=\"og:site_name\" content=\"BudMaps\" \/>\n<meta property=\"article:publisher\" content=\"https:\/\/www.facebook.com\/budmaps\" \/>\n<meta property=\"article:modified_time\" content=\"2019-01-23T14:59:50+00:00\" \/>\n<meta name=\"twitter:card\" content=\"summary_large_image\" \/>\n<meta name=\"twitter:site\" content=\"@budmap\" \/>\n<meta name=\"twitter:label1\" content=\"Tiempo de lectura\" \/>\n\t<meta name=\"twitter:data1\" content=\"1 minuto\" \/>\n<script type=\"application\/ld+json\" class=\"yoast-schema-graph\">{\"@context\":\"https:\/\/schema.org\",\"@graph\":[{\"@type\":\"WebPage\",\"@id\":\"https:\/\/budmaps.com.br\/es\/adicione\/\",\"url\":\"https:\/\/budmaps.com.br\/es\/adicione\/\",\"name\":\"Adicione seu local no BudMaps\",\"isPartOf\":{\"@id\":\"https:\/\/budmaps.com.br\/es\/#website\"},\"datePublished\":\"2015-09-23T08:50:11+00:00\",\"dateModified\":\"2019-01-23T14:59:50+00:00\",\"description\":\"Fa\u00e7a parte do primeiro mapa sobre maconha do Brasil e deixe a divulga\u00e7\u00e3o por nossa conta. Associa\u00e7\u00f5es, M\u00e9dicos, Growshops, Headshops, Laricaria e mais\",\"breadcrumb\":{\"@id\":\"https:\/\/budmaps.com.br\/es\/adicione\/#breadcrumb\"},\"inLanguage\":\"es\",\"potentialAction\":[{\"@type\":\"ReadAction\",\"target\":[[\"https:\/\/budmaps.com.br\/es\/adicione\/\"]]}]},{\"@type\":\"BreadcrumbList\",\"@id\":\"https:\/\/budmaps.com.br\/es\/adicione\/#breadcrumb\",\"itemListElement\":[{\"@type\":\"ListItem\",\"position\":1,\"name\":\"In\u00edcio\",\"item\":\"https:\/\/budmaps.com.br\/es\/\"},{\"@type\":\"ListItem\",\"position\":2,\"name\":\"Add\"}]},{\"@type\":\"WebSite\",\"@id\":\"https:\/\/budmaps.com.br\/es\/#website\",\"url\":\"https:\/\/budmaps.com.br\/es\/\",\"name\":\"BudMaps\",\"description\":\"El mapa de la cannabis\",\"publisher\":{\"@id\":\"https:\/\/budmaps.com.br\/es\/#organization\"},\"potentialAction\":[{\"@type\":\"SearchAction\",\"target\":{\"@type\":\"EntryPoint\",\"urlTemplate\":\"https:\/\/budmaps.com.br\/es\/?s={search_term_string}\"},\"query-input\":\"required name=search_term_string\"}],\"inLanguage\":\"es\"},{\"@type\":\"Organization\",\"@id\":\"https:\/\/budmaps.com.br\/es\/#organization\",\"name\":\"BudMaps\",\"url\":\"https:\/\/budmaps.com.br\/es\/\",\"logo\":{\"@type\":\"ImageObject\",\"inLanguage\":\"es\",\"@id\":\"https:\/\/budmaps.com.br\/es\/#\/schema\/logo\/image\/\",\"url\":\"https:\/\/budmaps.com.br\/wp-content\/uploads\/safe_image.jpeg\",\"contentUrl\":\"https:\/\/budmaps.com.br\/wp-content\/uploads\/safe_image.jpeg\",\"width\":1000,\"height\":522,\"caption\":\"BudMaps\"},\"image\":{\"@id\":\"https:\/\/budmaps.com.br\/es\/#\/schema\/logo\/image\/\"},\"sameAs\":[\"https:\/\/www.facebook.com\/budmaps\",\"https:\/\/twitter.com\/budmap\",\"https:\/\/www.instagram.com\/budmaps\"]}]}<\/script>\n<!-- \/ Yoast SEO Premium plugin. -->","yoast_head_json":{"title":"Adicione seu local no BudMaps","description":"Fa\u00e7a parte do primeiro mapa sobre maconha do Brasil e deixe a divulga\u00e7\u00e3o por nossa conta. Associa\u00e7\u00f5es, M\u00e9dicos, Growshops, Headshops, Laricaria e mais","robots":{"index":"index","follow":"follow","max-snippet":"max-snippet:-1","max-image-preview":"max-image-preview:large","max-video-preview":"max-video-preview:-1"},"canonical":"https:\/\/budmaps.com.br\/es\/adicione\/","og_locale":"es_ES","og_type":"article","og_title":"Agregar","og_description":"Fa\u00e7a parte do primeiro mapa sobre maconha do Brasil e deixe a divulga\u00e7\u00e3o por nossa conta. Associa\u00e7\u00f5es, M\u00e9dicos, Growshops, Headshops, Laricaria e mais","og_url":"https:\/\/budmaps.com.br\/es\/adicione\/","og_site_name":"BudMaps","article_publisher":"https:\/\/www.facebook.com\/budmaps","article_modified_time":"2019-01-23T14:59:50+00:00","twitter_card":"summary_large_image","twitter_site":"@budmap","twitter_misc":{"Tiempo de lectura":"1 minuto"},"schema":{"@context":"https:\/\/schema.org","@graph":[{"@type":"WebPage","@id":"https:\/\/budmaps.com.br\/es\/adicione\/","url":"https:\/\/budmaps.com.br\/es\/adicione\/","name":"Adicione seu local no BudMaps","isPartOf":{"@id":"https:\/\/budmaps.com.br\/es\/#website"},"datePublished":"2015-09-23T08:50:11+00:00","dateModified":"2019-01-23T14:59:50+00:00","description":"Fa\u00e7a parte do primeiro mapa sobre maconha do Brasil e deixe a divulga\u00e7\u00e3o por nossa conta. Associa\u00e7\u00f5es, M\u00e9dicos, Growshops, Headshops, Laricaria e mais","breadcrumb":{"@id":"https:\/\/budmaps.com.br\/es\/adicione\/#breadcrumb"},"inLanguage":"es","potentialAction":[{"@type":"ReadAction","target":[["https:\/\/budmaps.com.br\/es\/adicione\/"]]}]},{"@type":"BreadcrumbList","@id":"https:\/\/budmaps.com.br\/es\/adicione\/#breadcrumb","itemListElement":[{"@type":"ListItem","position":1,"name":"In\u00edcio","item":"https:\/\/budmaps.com.br\/es\/"},{"@type":"ListItem","position":2,"name":"Add"}]},{"@type":"WebSite","@id":"https:\/\/budmaps.com.br\/es\/#website","url":"https:\/\/budmaps.com.br\/es\/","name":"BudMaps","description":"El mapa de la cannabis","publisher":{"@id":"https:\/\/budmaps.com.br\/es\/#organization"},"potentialAction":[{"@type":"SearchAction","target":{"@type":"EntryPoint","urlTemplate":"https:\/\/budmaps.com.br\/es\/?s={search_term_string}"},"query-input":"required name=search_term_string"}],"inLanguage":"es"},{"@type":"Organization","@id":"https:\/\/budmaps.com.br\/es\/#organization","name":"BudMaps","url":"https:\/\/budmaps.com.br\/es\/","logo":{"@type":"ImageObject","inLanguage":"es","@id":"https:\/\/budmaps.com.br\/es\/#\/schema\/logo\/image\/","url":"https:\/\/budmaps.com.br\/wp-content\/uploads\/safe_image.jpeg","contentUrl":"https:\/\/budmaps.com.br\/wp-content\/uploads\/safe_image.jpeg","width":1000,"height":522,"caption":"BudMaps"},"image":{"@id":"https:\/\/budmaps.com.br\/es\/#\/schema\/logo\/image\/"},"sameAs":["https:\/\/www.facebook.com\/budmaps","https:\/\/twitter.com\/budmap","https:\/\/www.instagram.com\/budmaps"]}]}},"_links":{"self":[{"href":"https:\/\/budmaps.com.br\/es\/wp-json\/wp\/v2\/pages\/99991046"}],"collection":[{"href":"https:\/\/budmaps.com.br\/es\/wp-json\/wp\/v2\/pages"}],"about":[{"href":"https:\/\/budmaps.com.br\/es\/wp-json\/wp\/v2\/types\/page"}],"author":[{"embeddable":true,"href":"https:\/\/budmaps.com.br\/es\/wp-json\/wp\/v2\/users\/1"}],"replies":[{"embeddable":true,"href":"https:\/\/budmaps.com.br\/es\/wp-json\/wp\/v2\/comments?post=99991046"}],"version-history":[{"count":9,"href":"https:\/\/budmaps.com.br\/es\/wp-json\/wp\/v2\/pages\/99991046\/revisions"}],"predecessor-version":[{"id":99995567,"href":"https:\/\/budmaps.com.br\/es\/wp-json\/wp\/v2\/pages\/99991046\/revisions\/99995567"}],"wp:attachment":[{"href":"https:\/\/budmaps.com.br\/es\/wp-json\/wp\/v2\/media?parent=99991046"}],"curies":[{"name":"wp","href":"https:\/\/api.w.org\/{rel}","templated":true}]}}