{"id":26995,"date":"2016-02-12T14:49:30","date_gmt":"2016-02-12T17:49:30","guid":{"rendered":"https:\/\/www.budmaps.com.br\/?page_id=26995"},"modified":"2016-02-21T19:33:00","modified_gmt":"2016-02-21T22:33:00","slug":"como-funciona","status":"publish","type":"page","link":"https:\/\/budmaps.com.br\/es\/como-funciona\/","title":{"rendered":"Como funciona?"},"content":{"rendered":"<p><strong>O uso BudMaps \u00e9 gratuito e qualquer usu\u00e1rio pode utilizar o quanto quiser, sem restri\u00e7\u00f5es.<\/strong> \u00a0<\/p>\n<h3>FUNCIONALIDADES<\/h3>\n<p><strong> AVALIA\u00c7\u00d5ES <\/strong>Criamos um sistema de avalia\u00e7\u00e3o para cada categoria. Assim voc\u00ea encontra a melhor loja ou o melhor profissional. <strong>PRE\u00c7O <\/strong>Encontre as melhores ofertas para cada produto ou servi\u00e7o \u00e0 partir do melhor custo\/benef\u00edcio. <strong>ATENDIMENTO <\/strong>Se para voc\u00ea atendimento \u00e9 tudo, ache lojas\/profissionais que podem lhe propor uma experi\u00eancia agrad\u00e1vel e humanizada.<!--more--><\/p>\n<h3>\u00a0<\/h3>\n<h3>Encontre &amp; Avalie<\/h3>\n<p>\u00a0 <strong>Advogados<\/strong> A proibi\u00e7\u00e3o te deixou com um problema? Busque o advogado mais perto de voc\u00ea. <strong>Growshops<\/strong> Lojas especializadas em cultivo outdoor\/indoor e consultorias. <strong>HeadShops &amp; Tabacarias<\/strong> Tudo para o usu\u00e1rio, iniciante ou expert. Bongs, pipes, sedas, dichavadores e cultura can\u00e1bica em geral. <strong>Estilo<\/strong> Lojas de moda e acess\u00f3rios descolados e originais. Quer um estilo High? Aqui voc\u00ea encontra. <strong>M\u00e9dicos<\/strong> M\u00e9dicos especializados que podem receitar Can\u00e1bis Medicinal e institui\u00e7\u00f5es m\u00e9dicas parceiras da causa. <strong>Coletivos &amp; Associa\u00e7\u00f5es<\/strong> Sim, temos ativismo! Saiba onde encontrar os coletivos ou associa\u00e7\u00f5es can\u00e1bicas da sua regi\u00e3o e fazer tamb\u00e9m a sua parte nesta luta. <strong>Laricaria<\/strong> Bateu aquela larica nervosa? Veja onde encontrar comida de qualidade e ambiente agrad\u00e1vel em sua cidade. <strong>Pontos de Encontro<\/strong> Locais significativos historicamente para a ganja e locais onde voc\u00ea encontra galera legal e com ideias similares.<\/p>\n","protected":false},"excerpt":{"rendered":"<p>Criamos a forma mais moderna e conveniente pra voc\u00ea encontrar um mundo 4:20<\/p>\n","protected":false},"author":1,"featured_media":0,"parent":0,"menu_order":0,"comment_status":"closed","ping_status":"closed","template":"","meta":[],"yoast_head":"<!-- This site is optimized with the Yoast SEO Premium plugin v18.3 (Yoast SEO v20.8) - https:\/\/yoast.com\/wordpress\/plugins\/seo\/ -->\n<title>Como funciona? - BudMaps<\/title>\n<meta name=\"robots\" content=\"index, follow, max-snippet:-1, max-image-preview:large, max-video-preview:-1\" \/>\n<link rel=\"canonical\" href=\"https:\/\/budmaps.com.br\/es\/como-funciona\/\" \/>\n<meta property=\"og:locale\" content=\"es_ES\" \/>\n<meta property=\"og:type\" content=\"article\" \/>\n<meta property=\"og:title\" content=\"Como funciona?\" \/>\n<meta property=\"og:description\" content=\"Criamos a forma mais moderna e conveniente pra voc\u00ea encontrar um mundo 4:20\" \/>\n<meta property=\"og:url\" content=\"https:\/\/budmaps.com.br\/es\/como-funciona\/\" \/>\n<meta property=\"og:site_name\" content=\"BudMaps\" \/>\n<meta property=\"article:publisher\" content=\"https:\/\/www.facebook.com\/budmaps\" \/>\n<meta property=\"article:modified_time\" content=\"2016-02-21T22:33:00+00:00\" \/>\n<meta name=\"twitter:card\" content=\"summary_large_image\" \/>\n<meta name=\"twitter:site\" content=\"@budmap\" \/>\n<meta name=\"twitter:label1\" content=\"Tiempo de lectura\" \/>\n\t<meta name=\"twitter:data1\" content=\"1 minuto\" \/>\n<script type=\"application\/ld+json\" class=\"yoast-schema-graph\">{\"@context\":\"https:\/\/schema.org\",\"@graph\":[{\"@type\":\"WebPage\",\"@id\":\"https:\/\/budmaps.com.br\/es\/como-funciona\/\",\"url\":\"https:\/\/budmaps.com.br\/es\/como-funciona\/\",\"name\":\"Como funciona? - BudMaps\",\"isPartOf\":{\"@id\":\"https:\/\/budmaps.com.br\/es\/#website\"},\"datePublished\":\"2016-02-12T17:49:30+00:00\",\"dateModified\":\"2016-02-21T22:33:00+00:00\",\"breadcrumb\":{\"@id\":\"https:\/\/budmaps.com.br\/es\/como-funciona\/#breadcrumb\"},\"inLanguage\":\"es\",\"potentialAction\":[{\"@type\":\"ReadAction\",\"target\":[[\"https:\/\/budmaps.com.br\/es\/como-funciona\/\"]]}]},{\"@type\":\"BreadcrumbList\",\"@id\":\"https:\/\/budmaps.com.br\/es\/como-funciona\/#breadcrumb\",\"itemListElement\":[{\"@type\":\"ListItem\",\"position\":1,\"name\":\"In\u00edcio\",\"item\":\"https:\/\/budmaps.com.br\/es\/\"},{\"@type\":\"ListItem\",\"position\":2,\"name\":\"Como funciona?\"}]},{\"@type\":\"WebSite\",\"@id\":\"https:\/\/budmaps.com.br\/es\/#website\",\"url\":\"https:\/\/budmaps.com.br\/es\/\",\"name\":\"BudMaps\",\"description\":\"El mapa de la cannabis\",\"publisher\":{\"@id\":\"https:\/\/budmaps.com.br\/es\/#organization\"},\"potentialAction\":[{\"@type\":\"SearchAction\",\"target\":{\"@type\":\"EntryPoint\",\"urlTemplate\":\"https:\/\/budmaps.com.br\/es\/?s={search_term_string}\"},\"query-input\":\"required name=search_term_string\"}],\"inLanguage\":\"es\"},{\"@type\":\"Organization\",\"@id\":\"https:\/\/budmaps.com.br\/es\/#organization\",\"name\":\"BudMaps\",\"url\":\"https:\/\/budmaps.com.br\/es\/\",\"logo\":{\"@type\":\"ImageObject\",\"inLanguage\":\"es\",\"@id\":\"https:\/\/budmaps.com.br\/es\/#\/schema\/logo\/image\/\",\"url\":\"https:\/\/budmaps.com.br\/wp-content\/uploads\/safe_image.jpeg\",\"contentUrl\":\"https:\/\/budmaps.com.br\/wp-content\/uploads\/safe_image.jpeg\",\"width\":1000,\"height\":522,\"caption\":\"BudMaps\"},\"image\":{\"@id\":\"https:\/\/budmaps.com.br\/es\/#\/schema\/logo\/image\/\"},\"sameAs\":[\"https:\/\/www.facebook.com\/budmaps\",\"https:\/\/twitter.com\/budmap\",\"https:\/\/www.instagram.com\/budmaps\"]}]}<\/script>\n<!-- \/ Yoast SEO Premium plugin. -->","yoast_head_json":{"title":"Como funciona? - BudMaps","robots":{"index":"index","follow":"follow","max-snippet":"max-snippet:-1","max-image-preview":"max-image-preview:large","max-video-preview":"max-video-preview:-1"},"canonical":"https:\/\/budmaps.com.br\/es\/como-funciona\/","og_locale":"es_ES","og_type":"article","og_title":"Como funciona?","og_description":"Criamos a forma mais moderna e conveniente pra voc\u00ea encontrar um mundo 4:20","og_url":"https:\/\/budmaps.com.br\/es\/como-funciona\/","og_site_name":"BudMaps","article_publisher":"https:\/\/www.facebook.com\/budmaps","article_modified_time":"2016-02-21T22:33:00+00:00","twitter_card":"summary_large_image","twitter_site":"@budmap","twitter_misc":{"Tiempo de lectura":"1 minuto"},"schema":{"@context":"https:\/\/schema.org","@graph":[{"@type":"WebPage","@id":"https:\/\/budmaps.com.br\/es\/como-funciona\/","url":"https:\/\/budmaps.com.br\/es\/como-funciona\/","name":"Como funciona? - BudMaps","isPartOf":{"@id":"https:\/\/budmaps.com.br\/es\/#website"},"datePublished":"2016-02-12T17:49:30+00:00","dateModified":"2016-02-21T22:33:00+00:00","breadcrumb":{"@id":"https:\/\/budmaps.com.br\/es\/como-funciona\/#breadcrumb"},"inLanguage":"es","potentialAction":[{"@type":"ReadAction","target":[["https:\/\/budmaps.com.br\/es\/como-funciona\/"]]}]},{"@type":"BreadcrumbList","@id":"https:\/\/budmaps.com.br\/es\/como-funciona\/#breadcrumb","itemListElement":[{"@type":"ListItem","position":1,"name":"In\u00edcio","item":"https:\/\/budmaps.com.br\/es\/"},{"@type":"ListItem","position":2,"name":"Como funciona?"}]},{"@type":"WebSite","@id":"https:\/\/budmaps.com.br\/es\/#website","url":"https:\/\/budmaps.com.br\/es\/","name":"BudMaps","description":"El mapa de la cannabis","publisher":{"@id":"https:\/\/budmaps.com.br\/es\/#organization"},"potentialAction":[{"@type":"SearchAction","target":{"@type":"EntryPoint","urlTemplate":"https:\/\/budmaps.com.br\/es\/?s={search_term_string}"},"query-input":"required name=search_term_string"}],"inLanguage":"es"},{"@type":"Organization","@id":"https:\/\/budmaps.com.br\/es\/#organization","name":"BudMaps","url":"https:\/\/budmaps.com.br\/es\/","logo":{"@type":"ImageObject","inLanguage":"es","@id":"https:\/\/budmaps.com.br\/es\/#\/schema\/logo\/image\/","url":"https:\/\/budmaps.com.br\/wp-content\/uploads\/safe_image.jpeg","contentUrl":"https:\/\/budmaps.com.br\/wp-content\/uploads\/safe_image.jpeg","width":1000,"height":522,"caption":"BudMaps"},"image":{"@id":"https:\/\/budmaps.com.br\/es\/#\/schema\/logo\/image\/"},"sameAs":["https:\/\/www.facebook.com\/budmaps","https:\/\/twitter.com\/budmap","https:\/\/www.instagram.com\/budmaps"]}]}},"_links":{"self":[{"href":"https:\/\/budmaps.com.br\/es\/wp-json\/wp\/v2\/pages\/26995"}],"collection":[{"href":"https:\/\/budmaps.com.br\/es\/wp-json\/wp\/v2\/pages"}],"about":[{"href":"https:\/\/budmaps.com.br\/es\/wp-json\/wp\/v2\/types\/page"}],"author":[{"embeddable":true,"href":"https:\/\/budmaps.com.br\/es\/wp-json\/wp\/v2\/users\/1"}],"replies":[{"embeddable":true,"href":"https:\/\/budmaps.com.br\/es\/wp-json\/wp\/v2\/comments?post=26995"}],"version-history":[{"count":9,"href":"https:\/\/budmaps.com.br\/es\/wp-json\/wp\/v2\/pages\/26995\/revisions"}],"predecessor-version":[{"id":99991730,"href":"https:\/\/budmaps.com.br\/es\/wp-json\/wp\/v2\/pages\/26995\/revisions\/99991730"}],"wp:attachment":[{"href":"https:\/\/budmaps.com.br\/es\/wp-json\/wp\/v2\/media?parent=26995"}],"curies":[{"name":"wp","href":"https:\/\/api.w.org\/{rel}","templated":true}]}}