{"id":20,"date":"2016-02-03T10:21:46","date_gmt":"2016-02-03T10:21:46","guid":{"rendered":"http:\/\/www.budmaps.com.br\/?page_id=20"},"modified":"2016-02-18T10:26:34","modified_gmt":"2016-02-18T13:26:34","slug":"sobre","status":"publish","type":"page","link":"https:\/\/budmaps.com.br\/es\/sobre\/","title":{"rendered":"Sobre"},"content":{"rendered":"<p>J\u00e1 precisou de algum produto legal, ou de um aconselhamento sincero, e penou pra achar aquela loja ou aquele profissional liberal receptivo? Budmaps surgiu para te dar uma m\u00e3ozinha.<\/p>\n<p>Budmaps \u00e9 um app onde a galera pode localizar, avaliar, comentar e se conectar com as melhores HeadShops, GrowShops, lojas de moda, estilo e cultura can\u00e1bica, m\u00e9dicos(as) que est\u00e3o autorizados a prescrever a can\u00e1bis e institui\u00e7\u00f5es m\u00e9dicas sens\u00edveis \u00e0 causa, advogados especializados, al\u00e9m de encontrar os Coletivos e Associa\u00e7\u00f5es Can\u00e1bicas de sua regi\u00e3o.<\/p>\n<p>Quer mais? Voc\u00ea tamb\u00e9m encontra o local certo pra sua larica e os points culturais e monumentos can\u00e1bicos de sua cidade. Comida boa, galera interessante, com\u00e9rcio respons\u00e1vel e ativista. Isto \u00e9 BudMaps, o mapa do n\u00e9ctar. O melhor da cultura can\u00e1bica na palma da sua m\u00e3o.<\/p>\n","protected":false},"excerpt":{"rendered":"<p>J\u00e1 precisou de algum produto legal, ou de um aconselhamento sincero, e penou pra achar aquela loja ou aquele profissional liberal receptivo? Budmaps surgiu para te dar uma m\u00e3ozinha. Budmaps [&hellip;]<\/p>\n","protected":false},"author":1,"featured_media":0,"parent":0,"menu_order":0,"comment_status":"closed","ping_status":"closed","template":"","meta":[],"yoast_head":"<!-- This site is optimized with the Yoast SEO Premium plugin v18.3 (Yoast SEO v20.8) - https:\/\/yoast.com\/wordpress\/plugins\/seo\/ -->\n<title>Sobre - BudMaps<\/title>\n<meta name=\"robots\" content=\"index, follow, max-snippet:-1, max-image-preview:large, max-video-preview:-1\" \/>\n<link rel=\"canonical\" href=\"https:\/\/budmaps.com.br\/es\/sobre\/\" \/>\n<meta property=\"og:locale\" content=\"es_ES\" \/>\n<meta property=\"og:type\" content=\"article\" \/>\n<meta property=\"og:title\" content=\"Sobre\" \/>\n<meta property=\"og:description\" content=\"J\u00e1 precisou de algum produto legal, ou de um aconselhamento sincero, e penou pra achar aquela loja ou aquele profissional liberal receptivo? Budmaps surgiu para te dar uma m\u00e3ozinha. Budmaps [&hellip;]\" \/>\n<meta property=\"og:url\" content=\"https:\/\/budmaps.com.br\/es\/sobre\/\" \/>\n<meta property=\"og:site_name\" content=\"BudMaps\" \/>\n<meta property=\"article:publisher\" content=\"https:\/\/www.facebook.com\/budmaps\" \/>\n<meta property=\"article:modified_time\" content=\"2016-02-18T13:26:34+00:00\" \/>\n<meta name=\"twitter:card\" content=\"summary_large_image\" \/>\n<meta name=\"twitter:site\" content=\"@budmap\" \/>\n<meta name=\"twitter:label1\" content=\"Tiempo de lectura\" \/>\n\t<meta name=\"twitter:data1\" content=\"1 minuto\" \/>\n<script type=\"application\/ld+json\" class=\"yoast-schema-graph\">{\"@context\":\"https:\/\/schema.org\",\"@graph\":[{\"@type\":\"WebPage\",\"@id\":\"https:\/\/budmaps.com.br\/es\/sobre\/\",\"url\":\"https:\/\/budmaps.com.br\/es\/sobre\/\",\"name\":\"Sobre - BudMaps\",\"isPartOf\":{\"@id\":\"https:\/\/budmaps.com.br\/es\/#website\"},\"datePublished\":\"2016-02-03T10:21:46+00:00\",\"dateModified\":\"2016-02-18T13:26:34+00:00\",\"breadcrumb\":{\"@id\":\"https:\/\/budmaps.com.br\/es\/sobre\/#breadcrumb\"},\"inLanguage\":\"es\",\"potentialAction\":[{\"@type\":\"ReadAction\",\"target\":[[\"https:\/\/budmaps.com.br\/es\/sobre\/\"]]}]},{\"@type\":\"BreadcrumbList\",\"@id\":\"https:\/\/budmaps.com.br\/es\/sobre\/#breadcrumb\",\"itemListElement\":[{\"@type\":\"ListItem\",\"position\":1,\"name\":\"In\u00edcio\",\"item\":\"https:\/\/budmaps.com.br\/es\/\"},{\"@type\":\"ListItem\",\"position\":2,\"name\":\"Sobre\"}]},{\"@type\":\"WebSite\",\"@id\":\"https:\/\/budmaps.com.br\/es\/#website\",\"url\":\"https:\/\/budmaps.com.br\/es\/\",\"name\":\"BudMaps\",\"description\":\"El mapa de la cannabis\",\"publisher\":{\"@id\":\"https:\/\/budmaps.com.br\/es\/#organization\"},\"potentialAction\":[{\"@type\":\"SearchAction\",\"target\":{\"@type\":\"EntryPoint\",\"urlTemplate\":\"https:\/\/budmaps.com.br\/es\/?s={search_term_string}\"},\"query-input\":\"required name=search_term_string\"}],\"inLanguage\":\"es\"},{\"@type\":\"Organization\",\"@id\":\"https:\/\/budmaps.com.br\/es\/#organization\",\"name\":\"BudMaps\",\"url\":\"https:\/\/budmaps.com.br\/es\/\",\"logo\":{\"@type\":\"ImageObject\",\"inLanguage\":\"es\",\"@id\":\"https:\/\/budmaps.com.br\/es\/#\/schema\/logo\/image\/\",\"url\":\"https:\/\/budmaps.com.br\/wp-content\/uploads\/safe_image.jpeg\",\"contentUrl\":\"https:\/\/budmaps.com.br\/wp-content\/uploads\/safe_image.jpeg\",\"width\":1000,\"height\":522,\"caption\":\"BudMaps\"},\"image\":{\"@id\":\"https:\/\/budmaps.com.br\/es\/#\/schema\/logo\/image\/\"},\"sameAs\":[\"https:\/\/www.facebook.com\/budmaps\",\"https:\/\/twitter.com\/budmap\",\"https:\/\/www.instagram.com\/budmaps\"]}]}<\/script>\n<!-- \/ Yoast SEO Premium plugin. -->","yoast_head_json":{"title":"Sobre - BudMaps","robots":{"index":"index","follow":"follow","max-snippet":"max-snippet:-1","max-image-preview":"max-image-preview:large","max-video-preview":"max-video-preview:-1"},"canonical":"https:\/\/budmaps.com.br\/es\/sobre\/","og_locale":"es_ES","og_type":"article","og_title":"Sobre","og_description":"J\u00e1 precisou de algum produto legal, ou de um aconselhamento sincero, e penou pra achar aquela loja ou aquele profissional liberal receptivo? Budmaps surgiu para te dar uma m\u00e3ozinha. Budmaps [&hellip;]","og_url":"https:\/\/budmaps.com.br\/es\/sobre\/","og_site_name":"BudMaps","article_publisher":"https:\/\/www.facebook.com\/budmaps","article_modified_time":"2016-02-18T13:26:34+00:00","twitter_card":"summary_large_image","twitter_site":"@budmap","twitter_misc":{"Tiempo de lectura":"1 minuto"},"schema":{"@context":"https:\/\/schema.org","@graph":[{"@type":"WebPage","@id":"https:\/\/budmaps.com.br\/es\/sobre\/","url":"https:\/\/budmaps.com.br\/es\/sobre\/","name":"Sobre - BudMaps","isPartOf":{"@id":"https:\/\/budmaps.com.br\/es\/#website"},"datePublished":"2016-02-03T10:21:46+00:00","dateModified":"2016-02-18T13:26:34+00:00","breadcrumb":{"@id":"https:\/\/budmaps.com.br\/es\/sobre\/#breadcrumb"},"inLanguage":"es","potentialAction":[{"@type":"ReadAction","target":[["https:\/\/budmaps.com.br\/es\/sobre\/"]]}]},{"@type":"BreadcrumbList","@id":"https:\/\/budmaps.com.br\/es\/sobre\/#breadcrumb","itemListElement":[{"@type":"ListItem","position":1,"name":"In\u00edcio","item":"https:\/\/budmaps.com.br\/es\/"},{"@type":"ListItem","position":2,"name":"Sobre"}]},{"@type":"WebSite","@id":"https:\/\/budmaps.com.br\/es\/#website","url":"https:\/\/budmaps.com.br\/es\/","name":"BudMaps","description":"El mapa de la cannabis","publisher":{"@id":"https:\/\/budmaps.com.br\/es\/#organization"},"potentialAction":[{"@type":"SearchAction","target":{"@type":"EntryPoint","urlTemplate":"https:\/\/budmaps.com.br\/es\/?s={search_term_string}"},"query-input":"required name=search_term_string"}],"inLanguage":"es"},{"@type":"Organization","@id":"https:\/\/budmaps.com.br\/es\/#organization","name":"BudMaps","url":"https:\/\/budmaps.com.br\/es\/","logo":{"@type":"ImageObject","inLanguage":"es","@id":"https:\/\/budmaps.com.br\/es\/#\/schema\/logo\/image\/","url":"https:\/\/budmaps.com.br\/wp-content\/uploads\/safe_image.jpeg","contentUrl":"https:\/\/budmaps.com.br\/wp-content\/uploads\/safe_image.jpeg","width":1000,"height":522,"caption":"BudMaps"},"image":{"@id":"https:\/\/budmaps.com.br\/es\/#\/schema\/logo\/image\/"},"sameAs":["https:\/\/www.facebook.com\/budmaps","https:\/\/twitter.com\/budmap","https:\/\/www.instagram.com\/budmaps"]}]}},"_links":{"self":[{"href":"https:\/\/budmaps.com.br\/es\/wp-json\/wp\/v2\/pages\/20"}],"collection":[{"href":"https:\/\/budmaps.com.br\/es\/wp-json\/wp\/v2\/pages"}],"about":[{"href":"https:\/\/budmaps.com.br\/es\/wp-json\/wp\/v2\/types\/page"}],"author":[{"embeddable":true,"href":"https:\/\/budmaps.com.br\/es\/wp-json\/wp\/v2\/users\/1"}],"replies":[{"embeddable":true,"href":"https:\/\/budmaps.com.br\/es\/wp-json\/wp\/v2\/comments?post=20"}],"version-history":[{"count":1,"href":"https:\/\/budmaps.com.br\/es\/wp-json\/wp\/v2\/pages\/20\/revisions"}],"predecessor-version":[{"id":99991591,"href":"https:\/\/budmaps.com.br\/es\/wp-json\/wp\/v2\/pages\/20\/revisions\/99991591"}],"wp:attachment":[{"href":"https:\/\/budmaps.com.br\/es\/wp-json\/wp\/v2\/media?parent=20"}],"curies":[{"name":"wp","href":"https:\/\/api.w.org\/{rel}","templated":true}]}}