{"id":99991584,"date":"2016-02-18T10:14:45","date_gmt":"2016-02-18T13:14:45","guid":{"rendered":"https:\/\/www.budmaps.com.br\/?page_id=99991584"},"modified":"2016-03-04T23:33:23","modified_gmt":"2016-03-05T02:33:23","slug":"contato","status":"publish","type":"page","link":"https:\/\/budmaps.com.br\/en\/contato\/","title":{"rendered":"Contato"},"content":{"rendered":"\n<div class=\"wpcf7 no-js\" id=\"wpcf7-f99991583-o1\" lang=\"pt-PT\" dir=\"ltr\">\n<div class=\"screen-reader-response\"><p role=\"status\" aria-live=\"polite\" aria-atomic=\"true\"><\/p> <ul><\/ul><\/div>\n<form action=\"\/en\/wp-json\/wp\/v2\/pages\/99991584#wpcf7-f99991583-o1\" method=\"post\" class=\"wpcf7-form init\" aria-label=\"Formul\u00e1rio de contacto\" novalidate=\"novalidate\" data-status=\"init\">\n<div style=\"display: none;\">\n<input type=\"hidden\" name=\"_wpcf7\" value=\"99991583\" \/>\n<input type=\"hidden\" name=\"_wpcf7_version\" value=\"5.7.6\" \/>\n<input type=\"hidden\" name=\"_wpcf7_locale\" value=\"pt_PT\" \/>\n<input type=\"hidden\" name=\"_wpcf7_unit_tag\" value=\"wpcf7-f99991583-o1\" \/>\n<input type=\"hidden\" name=\"_wpcf7_container_post\" value=\"0\" \/>\n<input type=\"hidden\" name=\"_wpcf7_posted_data_hash\" value=\"\" \/>\n<input type=\"hidden\" name=\"_wpcf7_recaptcha_response\" value=\"\" \/>\n<\/div>\n<p>Qual \u00e9 seu nome?\n<\/p>\n<p><span class=\"wpcf7-form-control-wrap\" data-name=\"your-name\"><input size=\"40\" class=\"wpcf7-form-control wpcf7-text wpcf7-validates-as-required\" aria-required=\"true\" aria-invalid=\"false\" value=\"\" type=\"text\" name=\"your-name\" \/><\/span>\n<\/p>\n<p>Qual \u00e9 seu email?\n<\/p>\n<p><span class=\"wpcf7-form-control-wrap\" data-name=\"your-email\"><input size=\"40\" class=\"wpcf7-form-control wpcf7-text wpcf7-email wpcf7-validates-as-required wpcf7-validates-as-email\" aria-required=\"true\" aria-invalid=\"false\" value=\"\" type=\"email\" name=\"your-email\" \/><\/span>\n<\/p>\n<p>Assunto\n<\/p>\n<p><span class=\"wpcf7-form-control-wrap\" data-name=\"your-subject\"><input size=\"40\" class=\"wpcf7-form-control wpcf7-text wpcf7-validates-as-required\" aria-required=\"true\" aria-invalid=\"false\" value=\"\" type=\"text\" name=\"your-subject\" \/><\/span>\n<\/p>\n<p>Diz a\u00ed\n<\/p>\n<p><span class=\"wpcf7-form-control-wrap\" data-name=\"your-message\"><textarea cols=\"40\" rows=\"10\" class=\"wpcf7-form-control wpcf7-textarea\" aria-invalid=\"false\" name=\"your-message\"><\/textarea><\/span>\n<\/p>\n<p><input class=\"wpcf7-form-control has-spinner wpcf7-submit\" type=\"submit\" value=\"Enviar\" \/>\n<\/p><p style=\"display: none !important;\" class=\"akismet-fields-container\" data-prefix=\"_wpcf7_ak_\"><label>&#916;<textarea name=\"_wpcf7_ak_hp_textarea\" cols=\"45\" rows=\"8\" maxlength=\"100\"><\/textarea><\/label><input type=\"hidden\" id=\"ak_js_1\" name=\"_wpcf7_ak_js\" value=\"142\"\/><script>document.getElementById( \"ak_js_1\" ).setAttribute( \"value\", ( new Date() ).getTime() );<\/script><\/p><div class=\"wpcf7-response-output\" aria-hidden=\"true\"><\/div>\n<\/form>\n<\/div>\n\n","protected":false},"excerpt":{"rendered":"<p>Quer ver implementa\u00e7\u00e3o de um novo recurso, personalizar um local ou dar um al\u00f3&#8230;. ahora es la hora.<\/p>\n","protected":false},"author":1,"featured_media":0,"parent":0,"menu_order":0,"comment_status":"closed","ping_status":"closed","template":"","meta":[],"yoast_head":"<!-- This site is optimized with the Yoast SEO Premium plugin v18.3 (Yoast SEO v20.8) - https:\/\/yoast.com\/wordpress\/plugins\/seo\/ -->\n<title>Contato - BudMaps<\/title>\n<meta name=\"description\" content=\"Precisa de ajuda especializada implementa\u00e7\u00e3o de um novo recurso ou personalizar um seu local.Ou Wp Especialistas pode cuidar de todo o seu trabalho de modifica\u00e7\u00e3o e projetos maiores. Estes especialistas sabem nossos produtos dentro e por fora. Obter o site que voc\u00ea quer com todos os sinos e assobios.\" \/>\n<meta name=\"robots\" content=\"index, follow, max-snippet:-1, max-image-preview:large, max-video-preview:-1\" \/>\n<link rel=\"canonical\" href=\"https:\/\/budmaps.com.br\/en\/contato\/\" \/>\n<meta property=\"og:locale\" content=\"en_US\" \/>\n<meta property=\"og:type\" content=\"article\" \/>\n<meta property=\"og:title\" content=\"Contato\" \/>\n<meta property=\"og:description\" content=\"Precisa de ajuda especializada implementa\u00e7\u00e3o de um novo recurso ou personalizar um seu local.Ou Wp Especialistas pode cuidar de todo o seu trabalho de modifica\u00e7\u00e3o e projetos maiores. Estes especialistas sabem nossos produtos dentro e por fora. Obter o site que voc\u00ea quer com todos os sinos e assobios.\" \/>\n<meta property=\"og:url\" content=\"https:\/\/budmaps.com.br\/en\/contato\/\" \/>\n<meta property=\"og:site_name\" content=\"BudMaps\" \/>\n<meta property=\"article:publisher\" content=\"https:\/\/www.facebook.com\/budmaps\" \/>\n<meta property=\"article:modified_time\" content=\"2016-03-05T02:33:23+00:00\" \/>\n<meta name=\"twitter:card\" content=\"summary_large_image\" \/>\n<meta name=\"twitter:site\" content=\"@budmap\" \/>\n<script type=\"application\/ld+json\" class=\"yoast-schema-graph\">{\"@context\":\"https:\/\/schema.org\",\"@graph\":[{\"@type\":\"WebPage\",\"@id\":\"https:\/\/budmaps.com.br\/en\/contato\/\",\"url\":\"https:\/\/budmaps.com.br\/en\/contato\/\",\"name\":\"Contato - BudMaps\",\"isPartOf\":{\"@id\":\"https:\/\/budmaps.com.br\/en\/#website\"},\"datePublished\":\"2016-02-18T13:14:45+00:00\",\"dateModified\":\"2016-03-05T02:33:23+00:00\",\"description\":\"Precisa de ajuda especializada implementa\u00e7\u00e3o de um novo recurso ou personalizar um seu local.Ou Wp Especialistas pode cuidar de todo o seu trabalho de modifica\u00e7\u00e3o e projetos maiores. Estes especialistas sabem nossos produtos dentro e por fora. Obter o site que voc\u00ea quer com todos os sinos e assobios.\",\"breadcrumb\":{\"@id\":\"https:\/\/budmaps.com.br\/en\/contato\/#breadcrumb\"},\"inLanguage\":\"en-US\",\"potentialAction\":[{\"@type\":\"ReadAction\",\"target\":[[\"https:\/\/budmaps.com.br\/en\/contato\/\"]]}]},{\"@type\":\"BreadcrumbList\",\"@id\":\"https:\/\/budmaps.com.br\/en\/contato\/#breadcrumb\",\"itemListElement\":[{\"@type\":\"ListItem\",\"position\":1,\"name\":\"In\u00edcio\",\"item\":\"https:\/\/budmaps.com.br\/en\/\"},{\"@type\":\"ListItem\",\"position\":2,\"name\":\"Contato\"}]},{\"@type\":\"WebSite\",\"@id\":\"https:\/\/budmaps.com.br\/en\/#website\",\"url\":\"https:\/\/budmaps.com.br\/en\/\",\"name\":\"BudMaps\",\"description\":\"The map of cannabis\",\"publisher\":{\"@id\":\"https:\/\/budmaps.com.br\/en\/#organization\"},\"potentialAction\":[{\"@type\":\"SearchAction\",\"target\":{\"@type\":\"EntryPoint\",\"urlTemplate\":\"https:\/\/budmaps.com.br\/en\/?s={search_term_string}\"},\"query-input\":\"required name=search_term_string\"}],\"inLanguage\":\"en-US\"},{\"@type\":\"Organization\",\"@id\":\"https:\/\/budmaps.com.br\/en\/#organization\",\"name\":\"BudMaps\",\"url\":\"https:\/\/budmaps.com.br\/en\/\",\"logo\":{\"@type\":\"ImageObject\",\"inLanguage\":\"en-US\",\"@id\":\"https:\/\/budmaps.com.br\/en\/#\/schema\/logo\/image\/\",\"url\":\"https:\/\/budmaps.com.br\/wp-content\/uploads\/safe_image.jpeg\",\"contentUrl\":\"https:\/\/budmaps.com.br\/wp-content\/uploads\/safe_image.jpeg\",\"width\":1000,\"height\":522,\"caption\":\"BudMaps\"},\"image\":{\"@id\":\"https:\/\/budmaps.com.br\/en\/#\/schema\/logo\/image\/\"},\"sameAs\":[\"https:\/\/www.facebook.com\/budmaps\",\"https:\/\/twitter.com\/budmap\",\"https:\/\/www.instagram.com\/budmaps\"]}]}<\/script>\n<!-- \/ Yoast SEO Premium plugin. -->","yoast_head_json":{"title":"Contato - BudMaps","description":"Precisa de ajuda especializada implementa\u00e7\u00e3o de um novo recurso ou personalizar um seu local.Ou Wp Especialistas pode cuidar de todo o seu trabalho de modifica\u00e7\u00e3o e projetos maiores. Estes especialistas sabem nossos produtos dentro e por fora. Obter o site que voc\u00ea quer com todos os sinos e assobios.","robots":{"index":"index","follow":"follow","max-snippet":"max-snippet:-1","max-image-preview":"max-image-preview:large","max-video-preview":"max-video-preview:-1"},"canonical":"https:\/\/budmaps.com.br\/en\/contato\/","og_locale":"en_US","og_type":"article","og_title":"Contato","og_description":"Precisa de ajuda especializada implementa\u00e7\u00e3o de um novo recurso ou personalizar um seu local.Ou Wp Especialistas pode cuidar de todo o seu trabalho de modifica\u00e7\u00e3o e projetos maiores. Estes especialistas sabem nossos produtos dentro e por fora. Obter o site que voc\u00ea quer com todos os sinos e assobios.","og_url":"https:\/\/budmaps.com.br\/en\/contato\/","og_site_name":"BudMaps","article_publisher":"https:\/\/www.facebook.com\/budmaps","article_modified_time":"2016-03-05T02:33:23+00:00","twitter_card":"summary_large_image","twitter_site":"@budmap","schema":{"@context":"https:\/\/schema.org","@graph":[{"@type":"WebPage","@id":"https:\/\/budmaps.com.br\/en\/contato\/","url":"https:\/\/budmaps.com.br\/en\/contato\/","name":"Contato - BudMaps","isPartOf":{"@id":"https:\/\/budmaps.com.br\/en\/#website"},"datePublished":"2016-02-18T13:14:45+00:00","dateModified":"2016-03-05T02:33:23+00:00","description":"Precisa de ajuda especializada implementa\u00e7\u00e3o de um novo recurso ou personalizar um seu local.Ou Wp Especialistas pode cuidar de todo o seu trabalho de modifica\u00e7\u00e3o e projetos maiores. Estes especialistas sabem nossos produtos dentro e por fora. Obter o site que voc\u00ea quer com todos os sinos e assobios.","breadcrumb":{"@id":"https:\/\/budmaps.com.br\/en\/contato\/#breadcrumb"},"inLanguage":"en-US","potentialAction":[{"@type":"ReadAction","target":[["https:\/\/budmaps.com.br\/en\/contato\/"]]}]},{"@type":"BreadcrumbList","@id":"https:\/\/budmaps.com.br\/en\/contato\/#breadcrumb","itemListElement":[{"@type":"ListItem","position":1,"name":"In\u00edcio","item":"https:\/\/budmaps.com.br\/en\/"},{"@type":"ListItem","position":2,"name":"Contato"}]},{"@type":"WebSite","@id":"https:\/\/budmaps.com.br\/en\/#website","url":"https:\/\/budmaps.com.br\/en\/","name":"BudMaps","description":"The map of cannabis","publisher":{"@id":"https:\/\/budmaps.com.br\/en\/#organization"},"potentialAction":[{"@type":"SearchAction","target":{"@type":"EntryPoint","urlTemplate":"https:\/\/budmaps.com.br\/en\/?s={search_term_string}"},"query-input":"required name=search_term_string"}],"inLanguage":"en-US"},{"@type":"Organization","@id":"https:\/\/budmaps.com.br\/en\/#organization","name":"BudMaps","url":"https:\/\/budmaps.com.br\/en\/","logo":{"@type":"ImageObject","inLanguage":"en-US","@id":"https:\/\/budmaps.com.br\/en\/#\/schema\/logo\/image\/","url":"https:\/\/budmaps.com.br\/wp-content\/uploads\/safe_image.jpeg","contentUrl":"https:\/\/budmaps.com.br\/wp-content\/uploads\/safe_image.jpeg","width":1000,"height":522,"caption":"BudMaps"},"image":{"@id":"https:\/\/budmaps.com.br\/en\/#\/schema\/logo\/image\/"},"sameAs":["https:\/\/www.facebook.com\/budmaps","https:\/\/twitter.com\/budmap","https:\/\/www.instagram.com\/budmaps"]}]}},"_links":{"self":[{"href":"https:\/\/budmaps.com.br\/en\/wp-json\/wp\/v2\/pages\/99991584"}],"collection":[{"href":"https:\/\/budmaps.com.br\/en\/wp-json\/wp\/v2\/pages"}],"about":[{"href":"https:\/\/budmaps.com.br\/en\/wp-json\/wp\/v2\/types\/page"}],"author":[{"embeddable":true,"href":"https:\/\/budmaps.com.br\/en\/wp-json\/wp\/v2\/users\/1"}],"replies":[{"embeddable":true,"href":"https:\/\/budmaps.com.br\/en\/wp-json\/wp\/v2\/comments?post=99991584"}],"version-history":[{"count":4,"href":"https:\/\/budmaps.com.br\/en\/wp-json\/wp\/v2\/pages\/99991584\/revisions"}],"predecessor-version":[{"id":99991902,"href":"https:\/\/budmaps.com.br\/en\/wp-json\/wp\/v2\/pages\/99991584\/revisions\/99991902"}],"wp:attachment":[{"href":"https:\/\/budmaps.com.br\/en\/wp-json\/wp\/v2\/media?parent=99991584"}],"curies":[{"name":"wp","href":"https:\/\/api.w.org\/{rel}","templated":true}]}}