{"id":99991131,"date":"2015-10-18T08:25:43","date_gmt":"2015-10-18T08:25:43","guid":{"rendered":"https:\/\/pixelgrade.com\/demos\/listable-demo-data\/?page_id=206"},"modified":"2016-02-15T08:00:36","modified_gmt":"2016-02-15T11:00:36","slug":"o-mapa-da-maconha","status":"publish","type":"page","link":"https:\/\/budmaps.com.br\/en\/o-mapa-da-maconha\/","title":{"rendered":"O Mapa da Maconha"},"content":{"rendered":"","protected":false},"excerpt":{"rendered":"<p>Criamos a forma mais moderna e conveniente para voc\u00ea encontrar um mundo legal e ter uma experi\u00eancia \u00fanica.<\/p>\n","protected":false},"author":1,"featured_media":99991035,"parent":0,"menu_order":0,"comment_status":"closed","ping_status":"closed","template":"page-templates\/front_page.php","meta":[],"yoast_head":"<!-- This site is optimized with the Yoast SEO Premium plugin v18.3 (Yoast SEO v20.8) - https:\/\/yoast.com\/wordpress\/plugins\/seo\/ -->\n<title>BudMaps \u2014 O Mapa da Maconha<\/title>\n<meta name=\"description\" content=\"Criamos a forma mais moderna e conveniente para voc\u00ea encontrar um mundo legal e ter uma experi\u00eancia \u00fanica. Advogados, CBD, M\u00e9dicos, Headshops e muito mais.\" \/>\n<meta name=\"robots\" content=\"index, follow, max-snippet:-1, max-image-preview:large, max-video-preview:-1\" \/>\n<link rel=\"canonical\" href=\"https:\/\/budmaps.com.br\/en\/o-mapa-da-maconha\/\" \/>\n<meta property=\"og:locale\" content=\"en_US\" \/>\n<meta property=\"og:type\" content=\"article\" \/>\n<meta property=\"og:title\" content=\"BudMaps, o Mapa da Maconha\" \/>\n<meta property=\"og:description\" content=\"Criamos a forma mais moderna e conveniente para voc\u00ea encontrar um mundo legal e ter uma experi\u00eancia \u00fanica.\" \/>\n<meta property=\"og:url\" content=\"https:\/\/budmaps.com.br\/en\/o-mapa-da-maconha\/\" \/>\n<meta property=\"og:site_name\" content=\"BudMaps\" \/>\n<meta property=\"article:publisher\" content=\"https:\/\/www.facebook.com\/budmaps\" \/>\n<meta property=\"article:modified_time\" content=\"2016-02-15T11:00:36+00:00\" \/>\n<meta name=\"twitter:card\" content=\"summary_large_image\" \/>\n<meta name=\"twitter:title\" content=\"BudMaps, o Mapa da Maconha\" \/>\n<meta name=\"twitter:description\" content=\"Criamos a forma mais moderna e conveniente para voc\u00ea encontrar um mundo legal e ter uma experi\u00eancia \u00fanica.\" \/>\n<meta name=\"twitter:image\" content=\"https:\/\/www.budmaps.com.br\/wp-content\/uploads\/logo-budmap-facebook.jpg\" \/>\n<meta name=\"twitter:site\" content=\"@budmap\" \/>\n<script type=\"application\/ld+json\" class=\"yoast-schema-graph\">{\"@context\":\"https:\/\/schema.org\",\"@graph\":[{\"@type\":\"WebPage\",\"@id\":\"https:\/\/budmaps.com.br\/en\/o-mapa-da-maconha\/\",\"url\":\"https:\/\/budmaps.com.br\/en\/o-mapa-da-maconha\/\",\"name\":\"BudMaps \u2014 O Mapa da Maconha\",\"isPartOf\":{\"@id\":\"https:\/\/budmaps.com.br\/en\/#website\"},\"datePublished\":\"2015-10-18T08:25:43+00:00\",\"dateModified\":\"2016-02-15T11:00:36+00:00\",\"description\":\"Criamos a forma mais moderna e conveniente para voc\u00ea encontrar um mundo legal e ter uma experi\u00eancia \u00fanica. Advogados, CBD, M\u00e9dicos, Headshops e muito mais.\",\"breadcrumb\":{\"@id\":\"https:\/\/budmaps.com.br\/en\/o-mapa-da-maconha\/#breadcrumb\"},\"inLanguage\":\"en-US\",\"potentialAction\":[{\"@type\":\"ReadAction\",\"target\":[[\"https:\/\/budmaps.com.br\/en\/o-mapa-da-maconha\/\"]]}]},{\"@type\":\"BreadcrumbList\",\"@id\":\"https:\/\/budmaps.com.br\/en\/o-mapa-da-maconha\/#breadcrumb\",\"itemListElement\":[{\"@type\":\"ListItem\",\"position\":1,\"name\":\"In\u00edcio\",\"item\":\"https:\/\/budmaps.com.br\/en\/\"},{\"@type\":\"ListItem\",\"position\":2,\"name\":\"O Mapa da Maconha\"}]},{\"@type\":\"WebSite\",\"@id\":\"https:\/\/budmaps.com.br\/en\/#website\",\"url\":\"https:\/\/budmaps.com.br\/en\/\",\"name\":\"BudMaps\",\"description\":\"The map of cannabis\",\"publisher\":{\"@id\":\"https:\/\/budmaps.com.br\/en\/#organization\"},\"potentialAction\":[{\"@type\":\"SearchAction\",\"target\":{\"@type\":\"EntryPoint\",\"urlTemplate\":\"https:\/\/budmaps.com.br\/en\/?s={search_term_string}\"},\"query-input\":\"required name=search_term_string\"}],\"inLanguage\":\"en-US\"},{\"@type\":\"Organization\",\"@id\":\"https:\/\/budmaps.com.br\/en\/#organization\",\"name\":\"BudMaps\",\"url\":\"https:\/\/budmaps.com.br\/en\/\",\"logo\":{\"@type\":\"ImageObject\",\"inLanguage\":\"en-US\",\"@id\":\"https:\/\/budmaps.com.br\/en\/#\/schema\/logo\/image\/\",\"url\":\"https:\/\/budmaps.com.br\/wp-content\/uploads\/safe_image.jpeg\",\"contentUrl\":\"https:\/\/budmaps.com.br\/wp-content\/uploads\/safe_image.jpeg\",\"width\":1000,\"height\":522,\"caption\":\"BudMaps\"},\"image\":{\"@id\":\"https:\/\/budmaps.com.br\/en\/#\/schema\/logo\/image\/\"},\"sameAs\":[\"https:\/\/www.facebook.com\/budmaps\",\"https:\/\/twitter.com\/budmap\",\"https:\/\/www.instagram.com\/budmaps\"]}]}<\/script>\n<!-- \/ Yoast SEO Premium plugin. -->","yoast_head_json":{"title":"BudMaps \u2014 O Mapa da Maconha","description":"Criamos a forma mais moderna e conveniente para voc\u00ea encontrar um mundo legal e ter uma experi\u00eancia \u00fanica. Advogados, CBD, M\u00e9dicos, Headshops e muito mais.","robots":{"index":"index","follow":"follow","max-snippet":"max-snippet:-1","max-image-preview":"max-image-preview:large","max-video-preview":"max-video-preview:-1"},"canonical":"https:\/\/budmaps.com.br\/en\/o-mapa-da-maconha\/","og_locale":"en_US","og_type":"article","og_title":"BudMaps, o Mapa da Maconha","og_description":"Criamos a forma mais moderna e conveniente para voc\u00ea encontrar um mundo legal e ter uma experi\u00eancia \u00fanica.","og_url":"https:\/\/budmaps.com.br\/en\/o-mapa-da-maconha\/","og_site_name":"BudMaps","article_publisher":"https:\/\/www.facebook.com\/budmaps","article_modified_time":"2016-02-15T11:00:36+00:00","twitter_card":"summary_large_image","twitter_title":"BudMaps, o Mapa da Maconha","twitter_description":"Criamos a forma mais moderna e conveniente para voc\u00ea encontrar um mundo legal e ter uma experi\u00eancia \u00fanica.","twitter_image":"https:\/\/www.budmaps.com.br\/wp-content\/uploads\/logo-budmap-facebook.jpg","twitter_site":"@budmap","schema":{"@context":"https:\/\/schema.org","@graph":[{"@type":"WebPage","@id":"https:\/\/budmaps.com.br\/en\/o-mapa-da-maconha\/","url":"https:\/\/budmaps.com.br\/en\/o-mapa-da-maconha\/","name":"BudMaps \u2014 O Mapa da Maconha","isPartOf":{"@id":"https:\/\/budmaps.com.br\/en\/#website"},"datePublished":"2015-10-18T08:25:43+00:00","dateModified":"2016-02-15T11:00:36+00:00","description":"Criamos a forma mais moderna e conveniente para voc\u00ea encontrar um mundo legal e ter uma experi\u00eancia \u00fanica. Advogados, CBD, M\u00e9dicos, Headshops e muito mais.","breadcrumb":{"@id":"https:\/\/budmaps.com.br\/en\/o-mapa-da-maconha\/#breadcrumb"},"inLanguage":"en-US","potentialAction":[{"@type":"ReadAction","target":[["https:\/\/budmaps.com.br\/en\/o-mapa-da-maconha\/"]]}]},{"@type":"BreadcrumbList","@id":"https:\/\/budmaps.com.br\/en\/o-mapa-da-maconha\/#breadcrumb","itemListElement":[{"@type":"ListItem","position":1,"name":"In\u00edcio","item":"https:\/\/budmaps.com.br\/en\/"},{"@type":"ListItem","position":2,"name":"O Mapa da Maconha"}]},{"@type":"WebSite","@id":"https:\/\/budmaps.com.br\/en\/#website","url":"https:\/\/budmaps.com.br\/en\/","name":"BudMaps","description":"The map of cannabis","publisher":{"@id":"https:\/\/budmaps.com.br\/en\/#organization"},"potentialAction":[{"@type":"SearchAction","target":{"@type":"EntryPoint","urlTemplate":"https:\/\/budmaps.com.br\/en\/?s={search_term_string}"},"query-input":"required name=search_term_string"}],"inLanguage":"en-US"},{"@type":"Organization","@id":"https:\/\/budmaps.com.br\/en\/#organization","name":"BudMaps","url":"https:\/\/budmaps.com.br\/en\/","logo":{"@type":"ImageObject","inLanguage":"en-US","@id":"https:\/\/budmaps.com.br\/en\/#\/schema\/logo\/image\/","url":"https:\/\/budmaps.com.br\/wp-content\/uploads\/safe_image.jpeg","contentUrl":"https:\/\/budmaps.com.br\/wp-content\/uploads\/safe_image.jpeg","width":1000,"height":522,"caption":"BudMaps"},"image":{"@id":"https:\/\/budmaps.com.br\/en\/#\/schema\/logo\/image\/"},"sameAs":["https:\/\/www.facebook.com\/budmaps","https:\/\/twitter.com\/budmap","https:\/\/www.instagram.com\/budmaps"]}]}},"_links":{"self":[{"href":"https:\/\/budmaps.com.br\/en\/wp-json\/wp\/v2\/pages\/99991131"}],"collection":[{"href":"https:\/\/budmaps.com.br\/en\/wp-json\/wp\/v2\/pages"}],"about":[{"href":"https:\/\/budmaps.com.br\/en\/wp-json\/wp\/v2\/types\/page"}],"author":[{"embeddable":true,"href":"https:\/\/budmaps.com.br\/en\/wp-json\/wp\/v2\/users\/1"}],"replies":[{"embeddable":true,"href":"https:\/\/budmaps.com.br\/en\/wp-json\/wp\/v2\/comments?post=99991131"}],"version-history":[{"count":3,"href":"https:\/\/budmaps.com.br\/en\/wp-json\/wp\/v2\/pages\/99991131\/revisions"}],"predecessor-version":[{"id":99991174,"href":"https:\/\/budmaps.com.br\/en\/wp-json\/wp\/v2\/pages\/99991131\/revisions\/99991174"}],"wp:featuredmedia":[{"embeddable":true,"href":"https:\/\/budmaps.com.br\/en\/wp-json\/wp\/v2\/media\/99991035"}],"wp:attachment":[{"href":"https:\/\/budmaps.com.br\/en\/wp-json\/wp\/v2\/media?parent=99991131"}],"curies":[{"name":"wp","href":"https:\/\/api.w.org\/{rel}","templated":true}]}}