{"id":99991046,"date":"2015-09-23T08:50:11","date_gmt":"2015-09-23T08:50:11","guid":{"rendered":"https:\/\/pixelgrade.com\/demos\/listable-demo-data\/?page_id=10"},"modified":"2019-01-23T11:59:50","modified_gmt":"2019-01-23T14:59:50","slug":"adicione","status":"publish","type":"page","link":"https:\/\/budmaps.com.br\/en\/adicione\/","title":{"rendered":"Add"},"content":{"rendered":"<p>\n<form action=\"\/en\/wp-json\/wp\/v2\/pages\/99991046\" method=\"post\" id=\"submit-job-form\" class=\"job-manager-form\" enctype=\"multipart\/form-data\">\n\n\t\n\t\n\t\n\t\t\t<fieldset>\n\t\t<label>Have an account?<\/label>\n\t\t<div class=\"field account-sign-in lwa\">\n\t\t\t<a class=\"button lwa-links-modal lwa-login-link\" href=\"https:\/\/budmaps.com.br\/wp-login.php?redirect_to=https%3A%2F%2Fbudmaps.com.br%2Fen%2Fadicione%2F&modal_login=true#login\">Sign in<\/a>\n\n\t\t\t\n\t\t\t\tYou must sign in to create a new listing.\n\t\t\t\n\t\t<\/div>\n\t<\/fieldset>\n\t\n\n\t\n\t\n\t\t\n\t<\/form><\/p>\n<p><strong>Thank you for registering your suggestion.<\/strong><br \/>\nWe&#8217;ve created the most modern and convenient way for you to find a 4:20 world, but it&#8217;s you who&#8217;s helping this app work.<\/p>\n<p>Do you have any suggestions, did you have any problems with your navigation, or would you like to add a link? So talk to us.<\/p>\n<p>&nbsp;<\/p>","protected":false},"excerpt":{"rendered":"<p>Add your suggestion and earn more exposure in the 420 world<\/p>\n","protected":false},"author":1,"featured_media":0,"parent":0,"menu_order":0,"comment_status":"closed","ping_status":"closed","template":"","meta":[],"yoast_head":"<!-- This site is optimized with the Yoast SEO Premium plugin v18.3 (Yoast SEO v20.8) - https:\/\/yoast.com\/wordpress\/plugins\/seo\/ -->\n<title>Adicione seu local no BudMaps<\/title>\n<meta name=\"description\" content=\"Fa\u00e7a parte do primeiro mapa sobre maconha do Brasil e deixe a divulga\u00e7\u00e3o por nossa conta. Associa\u00e7\u00f5es, M\u00e9dicos, Growshops, Headshops, Laricaria e mais\" \/>\n<meta name=\"robots\" content=\"index, follow, max-snippet:-1, max-image-preview:large, max-video-preview:-1\" \/>\n<link rel=\"canonical\" href=\"https:\/\/budmaps.com.br\/en\/adicione\/\" \/>\n<meta property=\"og:locale\" content=\"en_US\" \/>\n<meta property=\"og:type\" content=\"article\" \/>\n<meta property=\"og:title\" content=\"Add\" \/>\n<meta property=\"og:description\" content=\"Fa\u00e7a parte do primeiro mapa sobre maconha do Brasil e deixe a divulga\u00e7\u00e3o por nossa conta. Associa\u00e7\u00f5es, M\u00e9dicos, Growshops, Headshops, Laricaria e mais\" \/>\n<meta property=\"og:url\" content=\"https:\/\/budmaps.com.br\/en\/adicione\/\" \/>\n<meta property=\"og:site_name\" content=\"BudMaps\" \/>\n<meta property=\"article:publisher\" content=\"https:\/\/www.facebook.com\/budmaps\" \/>\n<meta property=\"article:modified_time\" content=\"2019-01-23T14:59:50+00:00\" \/>\n<meta name=\"twitter:card\" content=\"summary_large_image\" \/>\n<meta name=\"twitter:site\" content=\"@budmap\" \/>\n<meta name=\"twitter:label1\" content=\"Est. reading time\" \/>\n\t<meta name=\"twitter:data1\" content=\"1 minute\" \/>\n<script type=\"application\/ld+json\" class=\"yoast-schema-graph\">{\"@context\":\"https:\/\/schema.org\",\"@graph\":[{\"@type\":\"WebPage\",\"@id\":\"https:\/\/budmaps.com.br\/en\/adicione\/\",\"url\":\"https:\/\/budmaps.com.br\/en\/adicione\/\",\"name\":\"Adicione seu local no BudMaps\",\"isPartOf\":{\"@id\":\"https:\/\/budmaps.com.br\/en\/#website\"},\"datePublished\":\"2015-09-23T08:50:11+00:00\",\"dateModified\":\"2019-01-23T14:59:50+00:00\",\"description\":\"Fa\u00e7a parte do primeiro mapa sobre maconha do Brasil e deixe a divulga\u00e7\u00e3o por nossa conta. Associa\u00e7\u00f5es, M\u00e9dicos, Growshops, Headshops, Laricaria e mais\",\"breadcrumb\":{\"@id\":\"https:\/\/budmaps.com.br\/en\/adicione\/#breadcrumb\"},\"inLanguage\":\"en-US\",\"potentialAction\":[{\"@type\":\"ReadAction\",\"target\":[[\"https:\/\/budmaps.com.br\/en\/adicione\/\"]]}]},{\"@type\":\"BreadcrumbList\",\"@id\":\"https:\/\/budmaps.com.br\/en\/adicione\/#breadcrumb\",\"itemListElement\":[{\"@type\":\"ListItem\",\"position\":1,\"name\":\"In\u00edcio\",\"item\":\"https:\/\/budmaps.com.br\/en\/\"},{\"@type\":\"ListItem\",\"position\":2,\"name\":\"Add\"}]},{\"@type\":\"WebSite\",\"@id\":\"https:\/\/budmaps.com.br\/en\/#website\",\"url\":\"https:\/\/budmaps.com.br\/en\/\",\"name\":\"BudMaps\",\"description\":\"The map of cannabis\",\"publisher\":{\"@id\":\"https:\/\/budmaps.com.br\/en\/#organization\"},\"potentialAction\":[{\"@type\":\"SearchAction\",\"target\":{\"@type\":\"EntryPoint\",\"urlTemplate\":\"https:\/\/budmaps.com.br\/en\/?s={search_term_string}\"},\"query-input\":\"required name=search_term_string\"}],\"inLanguage\":\"en-US\"},{\"@type\":\"Organization\",\"@id\":\"https:\/\/budmaps.com.br\/en\/#organization\",\"name\":\"BudMaps\",\"url\":\"https:\/\/budmaps.com.br\/en\/\",\"logo\":{\"@type\":\"ImageObject\",\"inLanguage\":\"en-US\",\"@id\":\"https:\/\/budmaps.com.br\/en\/#\/schema\/logo\/image\/\",\"url\":\"https:\/\/budmaps.com.br\/wp-content\/uploads\/safe_image.jpeg\",\"contentUrl\":\"https:\/\/budmaps.com.br\/wp-content\/uploads\/safe_image.jpeg\",\"width\":1000,\"height\":522,\"caption\":\"BudMaps\"},\"image\":{\"@id\":\"https:\/\/budmaps.com.br\/en\/#\/schema\/logo\/image\/\"},\"sameAs\":[\"https:\/\/www.facebook.com\/budmaps\",\"https:\/\/twitter.com\/budmap\",\"https:\/\/www.instagram.com\/budmaps\"]}]}<\/script>\n<!-- \/ Yoast SEO Premium plugin. -->","yoast_head_json":{"title":"Adicione seu local no BudMaps","description":"Fa\u00e7a parte do primeiro mapa sobre maconha do Brasil e deixe a divulga\u00e7\u00e3o por nossa conta. Associa\u00e7\u00f5es, M\u00e9dicos, Growshops, Headshops, Laricaria e mais","robots":{"index":"index","follow":"follow","max-snippet":"max-snippet:-1","max-image-preview":"max-image-preview:large","max-video-preview":"max-video-preview:-1"},"canonical":"https:\/\/budmaps.com.br\/en\/adicione\/","og_locale":"en_US","og_type":"article","og_title":"Add","og_description":"Fa\u00e7a parte do primeiro mapa sobre maconha do Brasil e deixe a divulga\u00e7\u00e3o por nossa conta. Associa\u00e7\u00f5es, M\u00e9dicos, Growshops, Headshops, Laricaria e mais","og_url":"https:\/\/budmaps.com.br\/en\/adicione\/","og_site_name":"BudMaps","article_publisher":"https:\/\/www.facebook.com\/budmaps","article_modified_time":"2019-01-23T14:59:50+00:00","twitter_card":"summary_large_image","twitter_site":"@budmap","twitter_misc":{"Est. reading time":"1 minute"},"schema":{"@context":"https:\/\/schema.org","@graph":[{"@type":"WebPage","@id":"https:\/\/budmaps.com.br\/en\/adicione\/","url":"https:\/\/budmaps.com.br\/en\/adicione\/","name":"Adicione seu local no BudMaps","isPartOf":{"@id":"https:\/\/budmaps.com.br\/en\/#website"},"datePublished":"2015-09-23T08:50:11+00:00","dateModified":"2019-01-23T14:59:50+00:00","description":"Fa\u00e7a parte do primeiro mapa sobre maconha do Brasil e deixe a divulga\u00e7\u00e3o por nossa conta. Associa\u00e7\u00f5es, M\u00e9dicos, Growshops, Headshops, Laricaria e mais","breadcrumb":{"@id":"https:\/\/budmaps.com.br\/en\/adicione\/#breadcrumb"},"inLanguage":"en-US","potentialAction":[{"@type":"ReadAction","target":[["https:\/\/budmaps.com.br\/en\/adicione\/"]]}]},{"@type":"BreadcrumbList","@id":"https:\/\/budmaps.com.br\/en\/adicione\/#breadcrumb","itemListElement":[{"@type":"ListItem","position":1,"name":"In\u00edcio","item":"https:\/\/budmaps.com.br\/en\/"},{"@type":"ListItem","position":2,"name":"Add"}]},{"@type":"WebSite","@id":"https:\/\/budmaps.com.br\/en\/#website","url":"https:\/\/budmaps.com.br\/en\/","name":"BudMaps","description":"The map of cannabis","publisher":{"@id":"https:\/\/budmaps.com.br\/en\/#organization"},"potentialAction":[{"@type":"SearchAction","target":{"@type":"EntryPoint","urlTemplate":"https:\/\/budmaps.com.br\/en\/?s={search_term_string}"},"query-input":"required name=search_term_string"}],"inLanguage":"en-US"},{"@type":"Organization","@id":"https:\/\/budmaps.com.br\/en\/#organization","name":"BudMaps","url":"https:\/\/budmaps.com.br\/en\/","logo":{"@type":"ImageObject","inLanguage":"en-US","@id":"https:\/\/budmaps.com.br\/en\/#\/schema\/logo\/image\/","url":"https:\/\/budmaps.com.br\/wp-content\/uploads\/safe_image.jpeg","contentUrl":"https:\/\/budmaps.com.br\/wp-content\/uploads\/safe_image.jpeg","width":1000,"height":522,"caption":"BudMaps"},"image":{"@id":"https:\/\/budmaps.com.br\/en\/#\/schema\/logo\/image\/"},"sameAs":["https:\/\/www.facebook.com\/budmaps","https:\/\/twitter.com\/budmap","https:\/\/www.instagram.com\/budmaps"]}]}},"_links":{"self":[{"href":"https:\/\/budmaps.com.br\/en\/wp-json\/wp\/v2\/pages\/99991046"}],"collection":[{"href":"https:\/\/budmaps.com.br\/en\/wp-json\/wp\/v2\/pages"}],"about":[{"href":"https:\/\/budmaps.com.br\/en\/wp-json\/wp\/v2\/types\/page"}],"author":[{"embeddable":true,"href":"https:\/\/budmaps.com.br\/en\/wp-json\/wp\/v2\/users\/1"}],"replies":[{"embeddable":true,"href":"https:\/\/budmaps.com.br\/en\/wp-json\/wp\/v2\/comments?post=99991046"}],"version-history":[{"count":9,"href":"https:\/\/budmaps.com.br\/en\/wp-json\/wp\/v2\/pages\/99991046\/revisions"}],"predecessor-version":[{"id":99995567,"href":"https:\/\/budmaps.com.br\/en\/wp-json\/wp\/v2\/pages\/99991046\/revisions\/99995567"}],"wp:attachment":[{"href":"https:\/\/budmaps.com.br\/en\/wp-json\/wp\/v2\/media?parent=99991046"}],"curies":[{"name":"wp","href":"https:\/\/api.w.org\/{rel}","templated":true}]}}