{"id":23,"date":"2016-02-03T10:23:03","date_gmt":"2016-02-03T10:23:03","guid":{"rendered":"http:\/\/www.budmaps.com.br\/?page_id=23"},"modified":"2016-02-29T23:29:21","modified_gmt":"2016-03-01T02:29:21","slug":"diretrizes","status":"publish","type":"page","link":"https:\/\/budmaps.com.br\/en\/diretrizes\/","title":{"rendered":"Diretrizes Legais"},"content":{"rendered":"<h3>O aplicativo e portal BudMaps atua como guia de estabelecimentos dedicados \u00e0 cultura can\u00e1bica, e seu prop\u00f3sito \u00e9 estreitar la\u00e7os entre consumidores e empreendedores, facilitar o acesso de pacientes a m\u00e9dicos especializados, bem como fortalecer o ativismo em prol da mudan\u00e7a do status legal da can\u00e1bis no Brasil.<\/h3>\n<p>Nossas atividades est\u00e3o amparadas em diversas legisla\u00e7\u00f5es nacionais e internacionais, com destaque para o Artigo Quinto de nossa Constitui\u00e7\u00e3o Federal de 1988, que nos garante o direito de expressar livremente nossas opini\u00f5es e convic\u00e7\u00f5es. O direito de difundir e receber informa\u00e7\u00f5es tamb\u00e9m est\u00e1 amparado nos artigos 13.1 e 13.2 da Conven\u00e7\u00e3o interamericana de Direitos Humanos, 19.1 e 19.2 do Pacto Internacional de Direitos Civis e Pol\u00edticos, e do Artigo Quarto da Declara\u00e7\u00e3o Universal dos Direitos Humanos.<\/p>\n<h2>Este aplicativo n\u00e3o realiza nenhuma atividade em desacordo com a atual legisla\u00e7\u00e3o brasileira.<\/h2>\n<p><!--more--><\/p>\n<h3>Diretrizes de Responsabilidades<\/h3>\n<p>O BudMaps conecta consumidores, lojas, prestadores de servi\u00e7os, profissionais liberais, coletivos e associa\u00e7\u00f5es culturais can\u00e1bicas, n\u00e3o se responsabilizando por transa\u00e7\u00f5es comerciais ou de qualquer tipo realizadas pelos anunciantes. As informa\u00e7\u00f5es constantes nos cadastros s\u00e3o de inteira e exclusiva responsabilidade do comerciante.<\/p>\n<h3>Responsabilidade sobre o conte\u00fado<\/h3>\n<p>BudMaps n\u00e3o realiza qualquer dilig\u00eancia sobre qualquer informa\u00e7\u00e3o, propriedade ou conte\u00fado de qualquer um dos clientes do aplicativo. O aplicativo n\u00e3o se responsabiliza quanto \u00e0 autenticidade de informa\u00e7\u00f5es de terceiros. Tamb\u00e9m n\u00e3o exige verifica\u00e7\u00e3o ou inspe\u00e7\u00e3o de produtos ou servi\u00e7os prestados, a verifica\u00e7\u00e3o ou o status de licenciamento estadual ou local, e \/ ou precis\u00e3o das informa\u00e7\u00f5es fornecidas pelos clientes, clientes e \/ ou de terceiros. BudMaps n\u00e3o endossa, aprova, certifica ou controla conte\u00fado de terceiros e n\u00e3o garante nem se responsabiliza pela exatid\u00e3o dos conte\u00fados fornecidos por terceiros. As informa\u00e7\u00f5es s\u00e3o fornecidas para a conveni\u00eancia dos usu\u00e1rios do aplicativo. Informa\u00e7\u00f5es inver\u00eddicas podem ser denunciadas em nossa <a href=\"\/\/www.budmaps.com.br\/contato\/?phpMyAdmin=k1nOJ9wkForRe5dND89j6Tm-Gsb\">canal de <strong>Contato<\/strong><\/a>.<\/p>\n<h3>An\u00fancios<\/h3>\n<p>As diretrizes para os planos de an\u00fancios seguir\u00e3o o seguinte modelo: <strong>An\u00fancios gratuitos<\/strong> \u2013 podem ser inclu\u00eddos pelos pr\u00f3prios usu\u00e1rios, por\u00e9m passar\u00e3o por revis\u00e3o da equipe BudMaps. Podem ser interrompidos, pelo anunciante\/propriet\u00e1rio, a qualquer momento, sem \u00f4nus para nenhuma das partes. <strong>An\u00fancios pagos<\/strong> \u2013 Os planos ser\u00e3o mensal, semestral ou anual, conforme escolha do anunciante. Em caso de rompimento antecipado do contrato por parte do anunciante, ser\u00e1 paga multa de 30% sobre o valor das parcelas restantes. Alguns an\u00fancios s\u00e3o inclu\u00eddos, na categoria gratuita, por nossa pr\u00f3pria equipe de revis\u00e3o. Caso o propriet\u00e1rio do estabelecimento n\u00e3o queira ter seu an\u00fancio veiculado, \u00e9 poss\u00edvel interromp\u00ea-lo em bot\u00e3o espec\u00edfico logo ap\u00f3s o an\u00fancio, ou via se\u00e7\u00e3o contato. Nos comprometemos a, no prazo m\u00e1ximo de 20 dias, remover o an\u00fancio questionado.<\/p>\n<h3>BudMaps n\u00e3o se responsabiliza pelo conte\u00fado dos an\u00fancios nem pelas transa\u00e7\u00f5es efetuadas pelos anunciantes.<\/h3>\n<p>D\u00favidas e sugest\u00f5es? <a href=\"\/\/www.budmaps.com.br\/contato\/?phpMyAdmin=k1nOJ9wkForRe5dND89j6Tm-Gsb\">Utilize nosso canal de Contato<\/a> <\/p>\n","protected":false},"excerpt":{"rendered":"<p>O aplicativo e portal BudMaps atua como guia de estabelecimentos dedicados \u00e0 cultura can\u00e1bica, e seu prop\u00f3sito \u00e9 estreitar la\u00e7os entre consumidores e empreendedores, facilitar o acesso de pacientes a [&hellip;]<\/p>\n","protected":false},"author":1,"featured_media":0,"parent":0,"menu_order":0,"comment_status":"closed","ping_status":"closed","template":"","meta":[],"yoast_head":"<!-- This site is optimized with the Yoast SEO Premium plugin v18.3 (Yoast SEO v20.8) - https:\/\/yoast.com\/wordpress\/plugins\/seo\/ -->\n<title>Diretrizes Legais - BudMaps<\/title>\n<meta name=\"robots\" content=\"index, follow, max-snippet:-1, max-image-preview:large, max-video-preview:-1\" \/>\n<link rel=\"canonical\" href=\"https:\/\/budmaps.com.br\/en\/diretrizes\/\" \/>\n<meta property=\"og:locale\" content=\"en_US\" \/>\n<meta property=\"og:type\" content=\"article\" \/>\n<meta property=\"og:title\" content=\"Diretrizes Legais\" \/>\n<meta property=\"og:description\" content=\"O aplicativo e portal BudMaps atua como guia de estabelecimentos dedicados \u00e0 cultura can\u00e1bica, e seu prop\u00f3sito \u00e9 estreitar la\u00e7os entre consumidores e empreendedores, facilitar o acesso de pacientes a [&hellip;]\" \/>\n<meta property=\"og:url\" content=\"https:\/\/budmaps.com.br\/en\/diretrizes\/\" \/>\n<meta property=\"og:site_name\" content=\"BudMaps\" \/>\n<meta property=\"article:publisher\" content=\"https:\/\/www.facebook.com\/budmaps\" \/>\n<meta property=\"article:modified_time\" content=\"2016-03-01T02:29:21+00:00\" \/>\n<meta name=\"twitter:card\" content=\"summary_large_image\" \/>\n<meta name=\"twitter:site\" content=\"@budmap\" \/>\n<meta name=\"twitter:label1\" content=\"Est. reading time\" \/>\n\t<meta name=\"twitter:data1\" content=\"3 minutes\" \/>\n<script type=\"application\/ld+json\" class=\"yoast-schema-graph\">{\"@context\":\"https:\/\/schema.org\",\"@graph\":[{\"@type\":\"WebPage\",\"@id\":\"https:\/\/budmaps.com.br\/en\/diretrizes\/\",\"url\":\"https:\/\/budmaps.com.br\/en\/diretrizes\/\",\"name\":\"Diretrizes Legais - BudMaps\",\"isPartOf\":{\"@id\":\"https:\/\/budmaps.com.br\/en\/#website\"},\"datePublished\":\"2016-02-03T10:23:03+00:00\",\"dateModified\":\"2016-03-01T02:29:21+00:00\",\"breadcrumb\":{\"@id\":\"https:\/\/budmaps.com.br\/en\/diretrizes\/#breadcrumb\"},\"inLanguage\":\"en-US\",\"potentialAction\":[{\"@type\":\"ReadAction\",\"target\":[[\"https:\/\/budmaps.com.br\/en\/diretrizes\/\"]]}]},{\"@type\":\"BreadcrumbList\",\"@id\":\"https:\/\/budmaps.com.br\/en\/diretrizes\/#breadcrumb\",\"itemListElement\":[{\"@type\":\"ListItem\",\"position\":1,\"name\":\"In\u00edcio\",\"item\":\"https:\/\/budmaps.com.br\/en\/\"},{\"@type\":\"ListItem\",\"position\":2,\"name\":\"Diretrizes Legais\"}]},{\"@type\":\"WebSite\",\"@id\":\"https:\/\/budmaps.com.br\/en\/#website\",\"url\":\"https:\/\/budmaps.com.br\/en\/\",\"name\":\"BudMaps\",\"description\":\"The map of cannabis\",\"publisher\":{\"@id\":\"https:\/\/budmaps.com.br\/en\/#organization\"},\"potentialAction\":[{\"@type\":\"SearchAction\",\"target\":{\"@type\":\"EntryPoint\",\"urlTemplate\":\"https:\/\/budmaps.com.br\/en\/?s={search_term_string}\"},\"query-input\":\"required name=search_term_string\"}],\"inLanguage\":\"en-US\"},{\"@type\":\"Organization\",\"@id\":\"https:\/\/budmaps.com.br\/en\/#organization\",\"name\":\"BudMaps\",\"url\":\"https:\/\/budmaps.com.br\/en\/\",\"logo\":{\"@type\":\"ImageObject\",\"inLanguage\":\"en-US\",\"@id\":\"https:\/\/budmaps.com.br\/en\/#\/schema\/logo\/image\/\",\"url\":\"https:\/\/budmaps.com.br\/wp-content\/uploads\/safe_image.jpeg\",\"contentUrl\":\"https:\/\/budmaps.com.br\/wp-content\/uploads\/safe_image.jpeg\",\"width\":1000,\"height\":522,\"caption\":\"BudMaps\"},\"image\":{\"@id\":\"https:\/\/budmaps.com.br\/en\/#\/schema\/logo\/image\/\"},\"sameAs\":[\"https:\/\/www.facebook.com\/budmaps\",\"https:\/\/twitter.com\/budmap\",\"https:\/\/www.instagram.com\/budmaps\"]}]}<\/script>\n<!-- \/ Yoast SEO Premium plugin. -->","yoast_head_json":{"title":"Diretrizes Legais - BudMaps","robots":{"index":"index","follow":"follow","max-snippet":"max-snippet:-1","max-image-preview":"max-image-preview:large","max-video-preview":"max-video-preview:-1"},"canonical":"https:\/\/budmaps.com.br\/en\/diretrizes\/","og_locale":"en_US","og_type":"article","og_title":"Diretrizes Legais","og_description":"O aplicativo e portal BudMaps atua como guia de estabelecimentos dedicados \u00e0 cultura can\u00e1bica, e seu prop\u00f3sito \u00e9 estreitar la\u00e7os entre consumidores e empreendedores, facilitar o acesso de pacientes a [&hellip;]","og_url":"https:\/\/budmaps.com.br\/en\/diretrizes\/","og_site_name":"BudMaps","article_publisher":"https:\/\/www.facebook.com\/budmaps","article_modified_time":"2016-03-01T02:29:21+00:00","twitter_card":"summary_large_image","twitter_site":"@budmap","twitter_misc":{"Est. reading time":"3 minutes"},"schema":{"@context":"https:\/\/schema.org","@graph":[{"@type":"WebPage","@id":"https:\/\/budmaps.com.br\/en\/diretrizes\/","url":"https:\/\/budmaps.com.br\/en\/diretrizes\/","name":"Diretrizes Legais - BudMaps","isPartOf":{"@id":"https:\/\/budmaps.com.br\/en\/#website"},"datePublished":"2016-02-03T10:23:03+00:00","dateModified":"2016-03-01T02:29:21+00:00","breadcrumb":{"@id":"https:\/\/budmaps.com.br\/en\/diretrizes\/#breadcrumb"},"inLanguage":"en-US","potentialAction":[{"@type":"ReadAction","target":[["https:\/\/budmaps.com.br\/en\/diretrizes\/"]]}]},{"@type":"BreadcrumbList","@id":"https:\/\/budmaps.com.br\/en\/diretrizes\/#breadcrumb","itemListElement":[{"@type":"ListItem","position":1,"name":"In\u00edcio","item":"https:\/\/budmaps.com.br\/en\/"},{"@type":"ListItem","position":2,"name":"Diretrizes Legais"}]},{"@type":"WebSite","@id":"https:\/\/budmaps.com.br\/en\/#website","url":"https:\/\/budmaps.com.br\/en\/","name":"BudMaps","description":"The map of cannabis","publisher":{"@id":"https:\/\/budmaps.com.br\/en\/#organization"},"potentialAction":[{"@type":"SearchAction","target":{"@type":"EntryPoint","urlTemplate":"https:\/\/budmaps.com.br\/en\/?s={search_term_string}"},"query-input":"required name=search_term_string"}],"inLanguage":"en-US"},{"@type":"Organization","@id":"https:\/\/budmaps.com.br\/en\/#organization","name":"BudMaps","url":"https:\/\/budmaps.com.br\/en\/","logo":{"@type":"ImageObject","inLanguage":"en-US","@id":"https:\/\/budmaps.com.br\/en\/#\/schema\/logo\/image\/","url":"https:\/\/budmaps.com.br\/wp-content\/uploads\/safe_image.jpeg","contentUrl":"https:\/\/budmaps.com.br\/wp-content\/uploads\/safe_image.jpeg","width":1000,"height":522,"caption":"BudMaps"},"image":{"@id":"https:\/\/budmaps.com.br\/en\/#\/schema\/logo\/image\/"},"sameAs":["https:\/\/www.facebook.com\/budmaps","https:\/\/twitter.com\/budmap","https:\/\/www.instagram.com\/budmaps"]}]}},"_links":{"self":[{"href":"https:\/\/budmaps.com.br\/en\/wp-json\/wp\/v2\/pages\/23"}],"collection":[{"href":"https:\/\/budmaps.com.br\/en\/wp-json\/wp\/v2\/pages"}],"about":[{"href":"https:\/\/budmaps.com.br\/en\/wp-json\/wp\/v2\/types\/page"}],"author":[{"embeddable":true,"href":"https:\/\/budmaps.com.br\/en\/wp-json\/wp\/v2\/users\/1"}],"replies":[{"embeddable":true,"href":"https:\/\/budmaps.com.br\/en\/wp-json\/wp\/v2\/comments?post=23"}],"version-history":[{"count":7,"href":"https:\/\/budmaps.com.br\/en\/wp-json\/wp\/v2\/pages\/23\/revisions"}],"predecessor-version":[{"id":99991894,"href":"https:\/\/budmaps.com.br\/en\/wp-json\/wp\/v2\/pages\/23\/revisions\/99991894"}],"wp:attachment":[{"href":"https:\/\/budmaps.com.br\/en\/wp-json\/wp\/v2\/media?parent=23"}],"curies":[{"name":"wp","href":"https:\/\/api.w.org\/{rel}","templated":true}]}}